{"id":37,"date":"2015-08-26T15:22:34","date_gmt":"2015-08-26T15:22:34","guid":{"rendered":"https:\/\/lapiccolinauy.com\/?page_id=37"},"modified":"2023-09-18T14:01:13","modified_gmt":"2023-09-18T17:01:13","slug":"olive-oil","status":"publish","type":"page","link":"https:\/\/lapiccolinauy.com\/es\/olive-oil\/","title":{"rendered":"Casa Rural"},"content":{"rendered":"<p>M\u00e1s informaci\u00f3n pr\u00f3ximamente.<\/p>","protected":false},"excerpt":{"rendered":"<p>M\u00e1s informaci\u00f3n pr\u00f3ximamente.<\/p>","protected":false},"author":34327803,"featured_media":3290,"parent":0,"menu_order":0,"comment_status":"closed","ping_status":"closed","template":"","meta":{"_coblocks_attr":"","_coblocks_dimensions":"","_coblocks_responsive_height":"","_coblocks_accordion_ie_support":"","_crdt_document":"","advanced_seo_description":"","jetpack_seo_html_title":"","jetpack_seo_noindex":false,"footnotes":""},"class_list":["post-37","page","type-page","status-publish","has-post-thumbnail","hentry","with-featured-image"],"jetpack_likes_enabled":true,"jetpack_sharing_enabled":false,"jetpack_shortlink":"https:\/\/wp.me\/P6BeCJ-B","_links":{"self":[{"href":"https:\/\/lapiccolinauy.com\/es\/wp-json\/wp\/v2\/pages\/37","targetHints":{"allow":["GET"]}}],"collection":[{"href":"https:\/\/lapiccolinauy.com\/es\/wp-json\/wp\/v2\/pages"}],"about":[{"href":"https:\/\/lapiccolinauy.com\/es\/wp-json\/wp\/v2\/types\/page"}],"author":[{"embeddable":true,"href":"https:\/\/lapiccolinauy.com\/es\/wp-json\/wp\/v2\/users\/34327803"}],"replies":[{"embeddable":true,"href":"https:\/\/lapiccolinauy.com\/es\/wp-json\/wp\/v2\/comments?post=37"}],"version-history":[{"count":2,"href":"https:\/\/lapiccolinauy.com\/es\/wp-json\/wp\/v2\/pages\/37\/revisions"}],"predecessor-version":[{"id":3291,"href":"https:\/\/lapiccolinauy.com\/es\/wp-json\/wp\/v2\/pages\/37\/revisions\/3291"}],"wp:featuredmedia":[{"embeddable":true,"href":"https:\/\/lapiccolinauy.com\/es\/wp-json\/wp\/v2\/media\/3290"}],"wp:attachment":[{"href":"https:\/\/lapiccolinauy.com\/es\/wp-json\/wp\/v2\/media?parent=37"}],"curies":[{"name":"wp","href":"https:\/\/api.w.org\/{rel}","templated":true}]}}