{"id":23,"date":"2015-08-26T15:17:43","date_gmt":"2015-08-26T15:17:43","guid":{"rendered":"https:\/\/lapiccolinauy.com\/?page_id=23"},"modified":"2024-02-02T17:16:33","modified_gmt":"2024-02-02T20:16:33","slug":"sheep","status":"publish","type":"page","link":"https:\/\/lapiccolinauy.com\/es\/the-farm\/sheep\/","title":{"rendered":"Oveja Criolla"},"content":{"rendered":"<p>La Criolla es una raza maravillosa con una lana fabulosa y multicolor y diversas caracter\u00edsticas. Oveja Criolla es el nombre de la raza \"local\" de ovejas aqu\u00ed en Uruguay.<\/p>\n<p><img data-recalc-dims=\"1\" loading=\"lazy\" decoding=\"async\" data-attachment-id=\"14\" data-permalink=\"https:\/\/lapiccolinauy.com\/es\/wool\/wool-portfolio-featured-1\/#main\" data-orig-file=\"https:\/\/i0.wp.com\/lapiccolinauy.com\/wp-content\/uploads\/2015\/08\/wool-portfolio-featured-1.jpg?fit=600%2C348&amp;ssl=1\" data-orig-size=\"600,348\" data-comments-opened=\"1\" data-image-meta=\"{&quot;aperture&quot;:&quot;5&quot;,&quot;credit&quot;:&quot;&quot;,&quot;camera&quot;:&quot;DMC-FZ8&quot;,&quot;caption&quot;:&quot;&quot;,&quot;created_timestamp&quot;:&quot;1382320832&quot;,&quot;copyright&quot;:&quot;&quot;,&quot;focal_length&quot;:&quot;72&quot;,&quot;iso&quot;:&quot;100&quot;,&quot;shutter_speed&quot;:&quot;0.005&quot;,&quot;title&quot;:&quot;&quot;,&quot;orientation&quot;:&quot;1&quot;}\" data-image-title=\"wool portfolio featured 1\" data-image-description=\"\" data-image-caption=\"\" data-medium-file=\"https:\/\/i0.wp.com\/lapiccolinauy.com\/wp-content\/uploads\/2015\/08\/wool-portfolio-featured-1.jpg?fit=300%2C174&amp;ssl=1\" data-large-file=\"https:\/\/i0.wp.com\/lapiccolinauy.com\/wp-content\/uploads\/2015\/08\/wool-portfolio-featured-1.jpg?fit=600%2C348&amp;ssl=1\" class=\"wp-image-14 alignleft\" src=\"https:\/\/i0.wp.com\/lapiccolinauy.com\/wp-content\/uploads\/2015\/08\/wool-portfolio-featured-1.jpg?resize=361%2C209&#038;ssl=1\" alt=\"wool portfolio featured 1\" width=\"361\" height=\"209\" \/>En Uruguay, el ganado ovino es una actividad predominantemente comercial, centrada en la lana blanca para el mercado internacional. Las ovejas con vell\u00f3n de color -gris, fuego, chocolate, picazo o el marr\u00f3n oscuro, culturalmente preferido- se han considerado durante mucho tiempo no comerciales y su lana de menor valor. El estilo actual de Criolla se origin\u00f3 a partir de un estilo m\u00e1s antiguo de oveja, una oveja Criolla de doble capa, resistente y de color t\u00edpicamente marr\u00f3n, com\u00fan en Sudam\u00e9rica. Durante d\u00e9cadas, algunos ganaderos locales mantuvieron sus ovejas de color natural y las criaron, desarrollando lo que ahora se considera la \"Criolla\" local. Las recientes aportaciones gen\u00e9ticas han sido principalmente de Corriedale y Polwarth, lo que ha dado lugar a un vell\u00f3n m\u00e1s suave, fino y de una sola capa. La lana puede variar mucho de una oveja a otra, pero suele tener una fibra gruesa, un rizo bien definido, un tacto suave y un di\u00e1metro de fibra de medio a medio fino. El vell\u00f3n es ligero, como es habitual en las ovejas m\u00e1s peque\u00f1as, pero carece de la uniformidad moderna de la longitud de la fibra. A menudo de fibra multicolor, cuando se hilan muchos vellones tienen un aspecto naturalmente jaspeado. Las ovejas son peque\u00f1as, miden entre 60 y 70 cm a la cruz. Nuestro majada Criolla es de car\u00e1cter muy dulce y d\u00f3cil, son excelentes madres y tienen una constituci\u00f3n muy resistente.<\/p>\n\n\n<p class=\"wp-block-paragraph\"><\/p>","protected":false},"excerpt":{"rendered":"<p>La Criolla es una raza maravillosa con una lana fabulosa y multicolor y diversas caracter\u00edsticas. Oveja Criolla es el nombre de la raza \"local\" de ovejas aqu\u00ed en Uruguay. Las ovejas en Uruguay son predominantemente una empresa comercial, centrada en la lana blanca para el mercado internacional de la lana. Las ovejas con vell\u00f3n de color - gris, fuego, chocolate, ... <a href=\"https:\/\/lapiccolinauy.com\/es\/the-farm\/sheep\/\" class=\"more-link\">Continue reading <span class=\"screen-reader-text\">Oveja Criolla<\/span><\/a><\/p>","protected":false},"author":34327803,"featured_media":2766,"parent":19,"menu_order":2,"comment_status":"closed","ping_status":"closed","template":"","meta":{"_coblocks_attr":"","_coblocks_dimensions":"","_coblocks_responsive_height":"","_coblocks_accordion_ie_support":"","_crdt_document":"","advanced_seo_description":"","jetpack_seo_html_title":"","jetpack_seo_noindex":false,"jetpack_post_was_ever_published":false,"footnotes":""},"class_list":["post-23","page","type-page","status-publish","has-post-thumbnail","hentry","with-featured-image"],"jetpack_likes_enabled":true,"jetpack_sharing_enabled":false,"jetpack_shortlink":"https:\/\/wp.me\/P6BeCJ-n","_links":{"self":[{"href":"https:\/\/lapiccolinauy.com\/es\/wp-json\/wp\/v2\/pages\/23","targetHints":{"allow":["GET"]}}],"collection":[{"href":"https:\/\/lapiccolinauy.com\/es\/wp-json\/wp\/v2\/pages"}],"about":[{"href":"https:\/\/lapiccolinauy.com\/es\/wp-json\/wp\/v2\/types\/page"}],"author":[{"embeddable":true,"href":"https:\/\/lapiccolinauy.com\/es\/wp-json\/wp\/v2\/users\/34327803"}],"replies":[{"embeddable":true,"href":"https:\/\/lapiccolinauy.com\/es\/wp-json\/wp\/v2\/comments?post=23"}],"version-history":[{"count":10,"href":"https:\/\/lapiccolinauy.com\/es\/wp-json\/wp\/v2\/pages\/23\/revisions"}],"predecessor-version":[{"id":3848,"href":"https:\/\/lapiccolinauy.com\/es\/wp-json\/wp\/v2\/pages\/23\/revisions\/3848"}],"up":[{"embeddable":true,"href":"https:\/\/lapiccolinauy.com\/es\/wp-json\/wp\/v2\/pages\/19"}],"wp:featuredmedia":[{"embeddable":true,"href":"https:\/\/lapiccolinauy.com\/es\/wp-json\/wp\/v2\/media\/2766"}],"wp:attachment":[{"href":"https:\/\/lapiccolinauy.com\/es\/wp-json\/wp\/v2\/media?parent=23"}],"curies":[{"name":"wp","href":"https:\/\/api.w.org\/{rel}","templated":true}]}}