{"id":13,"date":"2015-08-15T16:29:55","date_gmt":"2015-08-15T16:29:55","guid":{"rendered":"https:\/\/lapiccolinauy.com\/?page_id=13"},"modified":"2023-09-18T14:47:05","modified_gmt":"2023-09-18T17:47:05","slug":"wool","status":"publish","type":"page","link":"https:\/\/lapiccolinauy.com\/es\/wool\/","title":{"rendered":"Lana"},"content":{"rendered":"<p class=\"wp-block-paragraph\">Nos apasiona la lana y todas sus maravillosas propiedades. Es un recurso natural infinitamente delicioso con posibilidades ilimitadas.<\/p>\n\n\n\n<p class=\"wp-block-paragraph\">Esquilamos nuestras ovejas anualmente aqu\u00ed en el campo en noviembre y faldamos, clasificamos y lavamos toda la lana en el campo. Actualmente procesamos la lana en un equipo casero a muy peque\u00f1a escala. Si usted est\u00e1 interesado en vell\u00f3n crudo, lana lavada, roving o murci\u00e9lagos, o hilo hilado, o m\u00e1s informaci\u00f3n acerca de nuestra lana en general, por favor env\u00edenos un correo electr\u00f3nico a lapiccolina.uy@gmail.com. A\u00fan no hemos puesto en marcha la venta en l\u00ednea.&nbsp;<\/p>\n\n\n\n<p class=\"wp-block-paragraph\"><\/p>\n\n\n\n<div class=\"wp-block-jetpack-tiled-gallery aligncenter is-style-rectangular\"><div class=\"tiled-gallery__gallery\"><div class=\"tiled-gallery__row\"><div class=\"tiled-gallery__col\" style=\"flex-basis:63.98879%\"><figure class=\"tiled-gallery__item\"><img data-recalc-dims=\"1\" decoding=\"async\" data-attachment-id=\"3294\" data-permalink=\"https:\/\/lapiccolinauy.com\/es\/wool\/criolla28washed1\/#main\" data-orig-file=\"https:\/\/i0.wp.com\/lapiccolinauy.com\/wp-content\/uploads\/2023\/09\/criolla28washed1.jpg?fit=605%2C540&amp;ssl=1\" data-orig-size=\"605,540\" data-comments-opened=\"1\" data-image-meta=\"{&quot;aperture&quot;:&quot;2.8&quot;,&quot;credit&quot;:&quot;&quot;,&quot;camera&quot;:&quot;DMC-FZ8&quot;,&quot;caption&quot;:&quot;&quot;,&quot;created_timestamp&quot;:&quot;1395602382&quot;,&quot;copyright&quot;:&quot;&quot;,&quot;focal_length&quot;:&quot;6&quot;,&quot;iso&quot;:&quot;100&quot;,&quot;shutter_speed&quot;:&quot;0.025&quot;,&quot;title&quot;:&quot;&quot;,&quot;orientation&quot;:&quot;1&quot;}\" data-image-title=\"criolla28washed1\" data-image-description=\"\" data-image-caption=\"\" data-large-file=\"https:\/\/i0.wp.com\/lapiccolinauy.com\/wp-content\/uploads\/2023\/09\/criolla28washed1.jpg?fit=605%2C540&amp;ssl=1\" role=\"button\" tabindex=\"0\" aria-label=\"Open image 1 of 3 in full-screen\" srcset=\"https:\/\/lapiccolinauy.com\/wp-content\/uploads\/2023\/09\/criolla28washed1.jpg?strip=info&#038;w=600 600w,https:\/\/lapiccolinauy.com\/wp-content\/uploads\/2023\/09\/criolla28washed1.jpg?strip=info&#038;w=605 605w\" alt=\"\" data-height=\"540\" data-id=\"3294\" data-link=\"https:\/\/lapiccolinauy.com\/wool\/criolla28washed1\/\" data-url=\"https:\/\/lapiccolinauy.com\/wp-content\/uploads\/2023\/09\/criolla28washed1.jpg?w=605\" data-width=\"605\" src=\"https:\/\/i0.wp.com\/lapiccolinauy.com\/wp-content\/uploads\/2023\/09\/criolla28washed1.jpg?w=620&#038;ssl=1\" \/><\/figure><\/div><div class=\"tiled-gallery__col\" style=\"flex-basis:36.01121%\"><figure class=\"tiled-gallery__item\"><img data-recalc-dims=\"1\" decoding=\"async\" data-attachment-id=\"3302\" data-permalink=\"https:\/\/lapiccolinauy.com\/es\/wool\/wool-portfolio-featured-1-2\/#main\" data-orig-file=\"https:\/\/i0.wp.com\/lapiccolinauy.com\/wp-content\/uploads\/2023\/09\/wool-portfolio-featured-1-2.jpg?fit=311%2C311&amp;ssl=1\" data-orig-size=\"311,311\" data-comments-opened=\"1\" data-image-meta=\"{&quot;aperture&quot;:&quot;5&quot;,&quot;credit&quot;:&quot;&quot;,&quot;camera&quot;:&quot;DMC-FZ8&quot;,&quot;caption&quot;:&quot;&quot;,&quot;created_timestamp&quot;:&quot;1382320832&quot;,&quot;copyright&quot;:&quot;&quot;,&quot;focal_length&quot;:&quot;72&quot;,&quot;iso&quot;:&quot;100&quot;,&quot;shutter_speed&quot;:&quot;0.005&quot;,&quot;title&quot;:&quot;&quot;,&quot;orientation&quot;:&quot;1&quot;}\" data-image-title=\"wool-portfolio-featured-1-2\" data-image-description=\"\" data-image-caption=\"\" data-large-file=\"https:\/\/i0.wp.com\/lapiccolinauy.com\/wp-content\/uploads\/2023\/09\/wool-portfolio-featured-1-2.jpg?fit=311%2C311&amp;ssl=1\" role=\"button\" tabindex=\"0\" aria-label=\"Open image 2 of 3 in full-screen\" srcset=\"https:\/\/lapiccolinauy.com\/wp-content\/uploads\/2023\/09\/wool-portfolio-featured-1-2.jpg?strip=info&#038;w=311 311w\" alt=\"\" data-height=\"311\" data-id=\"3302\" data-link=\"https:\/\/lapiccolinauy.com\/wool\/wool-portfolio-featured-1-2\/\" data-url=\"https:\/\/lapiccolinauy.com\/wp-content\/uploads\/2023\/09\/wool-portfolio-featured-1-2.jpg?w=311\" data-width=\"311\" src=\"https:\/\/i0.wp.com\/lapiccolinauy.com\/wp-content\/uploads\/2023\/09\/wool-portfolio-featured-1-2.jpg?w=620&#038;ssl=1\" \/><\/figure><figure class=\"tiled-gallery__item\"><img data-recalc-dims=\"1\" decoding=\"async\" data-attachment-id=\"3306\" data-permalink=\"https:\/\/lapiccolinauy.com\/es\/wool\/p1030121a\/#main\" data-orig-file=\"https:\/\/i0.wp.com\/lapiccolinauy.com\/wp-content\/uploads\/2023\/09\/p1030121a.jpg?fit=448%2C259&amp;ssl=1\" data-orig-size=\"448,259\" data-comments-opened=\"1\" data-image-meta=\"{&quot;aperture&quot;:&quot;2.8&quot;,&quot;credit&quot;:&quot;&quot;,&quot;camera&quot;:&quot;DMC-FZ8&quot;,&quot;caption&quot;:&quot;&quot;,&quot;created_timestamp&quot;:&quot;1355340438&quot;,&quot;copyright&quot;:&quot;&quot;,&quot;focal_length&quot;:&quot;6&quot;,&quot;iso&quot;:&quot;100&quot;,&quot;shutter_speed&quot;:&quot;0.01&quot;,&quot;title&quot;:&quot;&quot;,&quot;orientation&quot;:&quot;1&quot;}\" data-image-title=\"p1030121a\" data-image-description=\"\" data-image-caption=\"\" data-large-file=\"https:\/\/i0.wp.com\/lapiccolinauy.com\/wp-content\/uploads\/2023\/09\/p1030121a.jpg?fit=448%2C259&amp;ssl=1\" role=\"button\" tabindex=\"0\" aria-label=\"Open image 3 of 3 in full-screen\" srcset=\"https:\/\/lapiccolinauy.com\/wp-content\/uploads\/2023\/09\/p1030121a.jpg?strip=info&#038;w=448 448w\" alt=\"\" data-height=\"259\" data-id=\"3306\" data-link=\"https:\/\/lapiccolinauy.com\/wool\/p1030121a\/\" data-url=\"https:\/\/lapiccolinauy.com\/wp-content\/uploads\/2023\/09\/p1030121a.jpg?w=448\" data-width=\"448\" src=\"https:\/\/i0.wp.com\/lapiccolinauy.com\/wp-content\/uploads\/2023\/09\/p1030121a.jpg?w=620&#038;ssl=1\" \/><\/figure><\/div><\/div><\/div><\/div>","protected":false},"excerpt":{"rendered":"<p>We are passionate about wool and all its wonderful properties. It&#8217;s an endlessly delightful natural resource with limitless possibilities. We shear our sheep annually here on the farm in November and skirt, sort, and wash all wool on farm. We currently process wool on a very small scale cottage equipment. If you are interested in &hellip; <a href=\"https:\/\/lapiccolinauy.com\/es\/wool\/\" class=\"more-link\">Continue reading <span class=\"screen-reader-text\">Lana<\/span><\/a><\/p>","protected":false},"author":34327803,"featured_media":78,"parent":0,"menu_order":1,"comment_status":"open","ping_status":"open","template":"","meta":{"_coblocks_attr":"","_coblocks_dimensions":"","_coblocks_responsive_height":"","_coblocks_accordion_ie_support":"","_crdt_document":"","advanced_seo_description":"","jetpack_seo_html_title":"","jetpack_seo_noindex":false,"footnotes":""},"class_list":["post-13","page","type-page","status-publish","has-post-thumbnail","hentry","with-featured-image"],"jetpack_likes_enabled":true,"jetpack_sharing_enabled":false,"jetpack_shortlink":"https:\/\/wp.me\/P6BeCJ-d","_links":{"self":[{"href":"https:\/\/lapiccolinauy.com\/es\/wp-json\/wp\/v2\/pages\/13","targetHints":{"allow":["GET"]}}],"collection":[{"href":"https:\/\/lapiccolinauy.com\/es\/wp-json\/wp\/v2\/pages"}],"about":[{"href":"https:\/\/lapiccolinauy.com\/es\/wp-json\/wp\/v2\/types\/page"}],"author":[{"embeddable":true,"href":"https:\/\/lapiccolinauy.com\/es\/wp-json\/wp\/v2\/users\/34327803"}],"replies":[{"embeddable":true,"href":"https:\/\/lapiccolinauy.com\/es\/wp-json\/wp\/v2\/comments?post=13"}],"version-history":[{"count":10,"href":"https:\/\/lapiccolinauy.com\/es\/wp-json\/wp\/v2\/pages\/13\/revisions"}],"predecessor-version":[{"id":3309,"href":"https:\/\/lapiccolinauy.com\/es\/wp-json\/wp\/v2\/pages\/13\/revisions\/3309"}],"wp:featuredmedia":[{"embeddable":true,"href":"https:\/\/lapiccolinauy.com\/es\/wp-json\/wp\/v2\/media\/78"}],"wp:attachment":[{"href":"https:\/\/lapiccolinauy.com\/es\/wp-json\/wp\/v2\/media?parent=13"}],"curies":[{"name":"wp","href":"https:\/\/api.w.org\/{rel}","templated":true}]}}